{"id":109,"date":"2013-05-27T20:09:18","date_gmt":"2013-05-27T18:09:18","guid":{"rendered":"http:\/\/saschabuehner.com\/?page_id=109"},"modified":"2013-06-03T23:10:17","modified_gmt":"2013-06-03T21:10:17","slug":"impressum","status":"publish","type":"page","link":"http:\/\/saschabuehner.com\/?page_id=109","title":{"rendered":"Impressum"},"content":{"rendered":"<p style=\"text-align: center;\">All here shown Photos are Copyright Protected. Unauthorized use prohibited.<br \/>\nAnbieter:<\/p>\n<p style=\"text-align: center;\">Sascha B\u00fchner<br \/>\nSchlossberg 1b<br \/>\n98574 Schmalkalden<\/p>\n<p style=\"text-align: center;\">Kontakt:<\/p>\n<p style=\"text-align: center;\">E-Mail: foto@saschabuehner.com<br \/>\nWebsite: www.saschabuehner.com<\/p>\n<p style=\"text-align: center;\">Alle Fotos sind urheberrechtlich gesch\u00fctzt !<br \/>\nUnerlaubte Verwendung, Vervielf\u00e4ltigung und Ver\u00f6ffentlichung, auch in Auschnitten ist untersagt !<br \/>\nKommerziellen Nutzung meiner pers\u00f6nlichen Daten (Texte, Fotos, pers\u00f6nliche Bilder, pers\u00f6nliche Daten) gem\u00e4\u00df BDSG ist untersagt.<br \/>\nDas Copyright meiner Bilder liegt ausschlie\u00dflich bei mir bzw. bei dem Fotografen mit dem ich einen Nutzungsvertrag geschlossen habe. Die kommerzielle Nutzung bedarf meiner schriftlichen Zustimmung.<\/p>\n<p style=\"text-align: center;\">All photos are copyright protected!<br \/>\nUnauthorized use, reproduction and publication, also in excerpts is forbidden!<\/p>\n<p style=\"text-align: center;\">Todas las fotos est\u00e1n protegidos por copyright!<br \/>\nEl uso no autorizado, la reproducci\u00f3n y publicaci\u00f3n, tambi\u00e9n en extractos est\u00e1 prohibido!<br \/>\nHaftungshinweis: Trotz sorgf\u00e4ltiger inhaltlicher<br \/>\nKontrolle \u00fcbernehmen wir keine Haftung f\u00fcr die Inhalte<br \/>\nexterner Links.<\/p>\n<p style=\"text-align: center;\">F\u00fcr den Inhalt der verlinkten Seiten sind ausschlie\u00dflich<br \/>\nderen Betreiber verantwortlich.<br \/>\nDisclaimer: Despite careful control we assume no liability for the content of external links.<br \/>\nFor the content of linked sites are exclusively their operators.<br \/>\nPor el contenido de las p\u00e1ginas enlazadas a sus operadores son responsables.<\/p>\n","protected":false},"excerpt":{"rendered":"<p>All here shown Photos are Copyright Protected. Unauthorized use prohibited. Anbieter: Sascha B\u00fchner Schlossberg 1b 98574 Schmalkalden Kontakt: E-Mail: foto@saschabuehner.com<\/p>\n<p><a href=\"http:\/\/saschabuehner.com\/?page_id=109\" class=\"more-link\">Continue reading<span class=\"screen-reader-text\">Impressum<\/span><\/a><\/p>\n","protected":false},"author":1,"featured_media":0,"parent":0,"menu_order":2,"comment_status":"closed","ping_status":"closed","template":"onecolumn-page.php","meta":{"ngg_post_thumbnail":0,"footnotes":""},"class_list":["post-109","page","type-page","status-publish","hentry"],"_links":{"self":[{"href":"http:\/\/saschabuehner.com\/index.php?rest_route=\/wp\/v2\/pages\/109","targetHints":{"allow":["GET"]}}],"collection":[{"href":"http:\/\/saschabuehner.com\/index.php?rest_route=\/wp\/v2\/pages"}],"about":[{"href":"http:\/\/saschabuehner.com\/index.php?rest_route=\/wp\/v2\/types\/page"}],"author":[{"embeddable":true,"href":"http:\/\/saschabuehner.com\/index.php?rest_route=\/wp\/v2\/users\/1"}],"replies":[{"embeddable":true,"href":"http:\/\/saschabuehner.com\/index.php?rest_route=%2Fwp%2Fv2%2Fcomments&post=109"}],"version-history":[{"count":8,"href":"http:\/\/saschabuehner.com\/index.php?rest_route=\/wp\/v2\/pages\/109\/revisions"}],"predecessor-version":[{"id":114,"href":"http:\/\/saschabuehner.com\/index.php?rest_route=\/wp\/v2\/pages\/109\/revisions\/114"}],"wp:attachment":[{"href":"http:\/\/saschabuehner.com\/index.php?rest_route=%2Fwp%2Fv2%2Fmedia&parent=109"}],"curies":[{"name":"wp","href":"https:\/\/api.w.org\/{rel}","templated":true}]}}